{"id":54176,"date":"2019-09-04T21:07:23","date_gmt":"2019-09-04T18:07:23","guid":{"rendered":"https:\/\/ramrolf.eu\/lv\/product\/import-placeholder-for-50584\/"},"modified":"2019-09-04T23:29:48","modified_gmt":"2019-09-04T20:29:48","slug":"lvkartridzs-nv-tk-3170-aac-xeia-aac-aadaioee-ecosys-p3050dn-p3055dn-p3060dn15500","status":"publish","type":"product","link":"https:\/\/ramrolf.lv\/ru\/product\/lvkartridzs-nv-tk-3170-aac-xeia-aac-aadaioee-ecosys-p3050dn-p3055dn-p3060dn15500\/","title":{"rendered":"K\u0101rtrid\u017es NV-TK-3170 (\u00c1\u00c5\u00c7 \u00d7\u00c8\u00cf\u00c0) (\u00c1\u00c5\u00c7 \u00c3\u00c0\u00d0\u00c0\u00cd\u00d2\u00c8\u00c8)  Ecosys P3050dn\/ P3055dn\/ P3060dn(15500)"},"content":{"rendered":"<p>K\u0101rtrid\u017es NV-TK-3170 (\u00c1\u00c5\u00c7 \u00d7\u00c8\u00cf\u00c0) (\u00c1\u00c5\u00c7 \u00c3\u00c0\u00d0\u00c0\u00cd\u00d2\u00c8\u00c8)  Ecosys P3050dn\/ P3055dn\/ P3060dn(15500)<\/p>\n","protected":false},"excerpt":{"rendered":"<p>K\u0101rtrid\u017es NV-TK-3170 (\u00c1\u00c5\u00c7 \u00d7\u00c8\u00cf\u00c0) (\u00c1\u00c5\u00c7 \u00c3\u00c0\u00d0\u00c0\u00cd\u00d2\u00c8\u00c8) Ecosys P3050dn\/ P3055dn\/ P3060dn(15500)<\/p>\n","protected":false},"featured_media":54205,"template":"","meta":[],"product_cat":[291],"product_tag":[],"_links":{"self":[{"href":"https:\/\/ramrolf.lv\/ru\/wp-json\/wp\/v2\/product\/54176"}],"collection":[{"href":"https:\/\/ramrolf.lv\/ru\/wp-json\/wp\/v2\/product"}],"about":[{"href":"https:\/\/ramrolf.lv\/ru\/wp-json\/wp\/v2\/types\/product"}],"wp:featuredmedia":[{"embeddable":true,"href":"https:\/\/ramrolf.lv\/ru\/wp-json\/wp\/v2\/media\/54205"}],"wp:attachment":[{"href":"https:\/\/ramrolf.lv\/ru\/wp-json\/wp\/v2\/media?parent=54176"}],"wp:term":[{"taxonomy":"product_cat","embeddable":true,"href":"https:\/\/ramrolf.lv\/ru\/wp-json\/wp\/v2\/product_cat?post=54176"},{"taxonomy":"product_tag","embeddable":true,"href":"https:\/\/ramrolf.lv\/ru\/wp-json\/wp\/v2\/product_tag?post=54176"}],"curies":[{"name":"wp","href":"https:\/\/api.w.org\/{rel}","templated":true}]}}