{"id":54246,"date":"2019-09-04T21:13:50","date_gmt":"2019-09-04T18:13:50","guid":{"rendered":"https:\/\/ramrolf.eu\/lv\/product\/import-placeholder-for-50619\/"},"modified":"2019-09-04T23:26:45","modified_gmt":"2019-09-04T20:26:45","slug":"lvkartridzs-nv-tk-5205-cyan-taskalfa-356ci12000","status":"publish","type":"product","link":"https:\/\/ramrolf.lv\/ru\/product\/lvkartridzs-nv-tk-5205-cyan-taskalfa-356ci12000\/","title":{"rendered":"K\u0101rtrid\u017es NV-TK-5205 Cyan   TASKalfa 356ci(12000)"},"content":{"rendered":"<p>K\u0101rtrid\u017es NV-TK-5205 Cyan   TASKalfa 356ci(12000)<\/p>\n","protected":false},"excerpt":{"rendered":"<p>K\u0101rtrid\u017es NV-TK-5205 Cyan TASKalfa 356ci(12000)<\/p>\n","protected":false},"featured_media":54277,"template":"","meta":[],"product_cat":[291],"product_tag":[],"_links":{"self":[{"href":"https:\/\/ramrolf.lv\/ru\/wp-json\/wp\/v2\/product\/54246"}],"collection":[{"href":"https:\/\/ramrolf.lv\/ru\/wp-json\/wp\/v2\/product"}],"about":[{"href":"https:\/\/ramrolf.lv\/ru\/wp-json\/wp\/v2\/types\/product"}],"wp:featuredmedia":[{"embeddable":true,"href":"https:\/\/ramrolf.lv\/ru\/wp-json\/wp\/v2\/media\/54277"}],"wp:attachment":[{"href":"https:\/\/ramrolf.lv\/ru\/wp-json\/wp\/v2\/media?parent=54246"}],"wp:term":[{"taxonomy":"product_cat","embeddable":true,"href":"https:\/\/ramrolf.lv\/ru\/wp-json\/wp\/v2\/product_cat?post=54246"},{"taxonomy":"product_tag","embeddable":true,"href":"https:\/\/ramrolf.lv\/ru\/wp-json\/wp\/v2\/product_tag?post=54246"}],"curies":[{"name":"wp","href":"https:\/\/api.w.org\/{rel}","templated":true}]}}