{"id":54425,"date":"2019-09-04T21:28:11","date_gmt":"2019-09-04T18:28:11","guid":{"rendered":"https:\/\/ramrolf.eu\/lv\/product\/import-placeholder-for-50715\/"},"modified":"2019-09-04T21:56:57","modified_gmt":"2019-09-04T18:56:57","slug":"lvkartridzs-nv-tn-320t-yellow-hl-4150cdn-1500","status":"publish","type":"product","link":"https:\/\/ramrolf.lv\/ru\/product\/lvkartridzs-nv-tn-320t-yellow-hl-4150cdn-1500\/","title":{"rendered":"K\u0101rtrid\u017es NV-TN-320T Yellow   HL-4150CDN (1500)"},"content":{"rendered":"<p>K\u0101rtrid\u017es NV-TN-320T Yellow   HL-4150CDN (1500)<\/p>\n","protected":false},"excerpt":{"rendered":"<p>K\u0101rtrid\u017es NV-TN-320T Yellow HL-4150CDN (1500)<\/p>\n","protected":false},"featured_media":54453,"template":"","meta":[],"product_cat":[291],"product_tag":[],"_links":{"self":[{"href":"https:\/\/ramrolf.lv\/ru\/wp-json\/wp\/v2\/product\/54425"}],"collection":[{"href":"https:\/\/ramrolf.lv\/ru\/wp-json\/wp\/v2\/product"}],"about":[{"href":"https:\/\/ramrolf.lv\/ru\/wp-json\/wp\/v2\/types\/product"}],"wp:featuredmedia":[{"embeddable":true,"href":"https:\/\/ramrolf.lv\/ru\/wp-json\/wp\/v2\/media\/54453"}],"wp:attachment":[{"href":"https:\/\/ramrolf.lv\/ru\/wp-json\/wp\/v2\/media?parent=54425"}],"wp:term":[{"taxonomy":"product_cat","embeddable":true,"href":"https:\/\/ramrolf.lv\/ru\/wp-json\/wp\/v2\/product_cat?post=54425"},{"taxonomy":"product_tag","embeddable":true,"href":"https:\/\/ramrolf.lv\/ru\/wp-json\/wp\/v2\/product_tag?post=54425"}],"curies":[{"name":"wp","href":"https:\/\/api.w.org\/{rel}","templated":true}]}}