{"id":54426,"date":"2019-09-04T21:28:12","date_gmt":"2019-09-04T18:28:12","guid":{"rendered":"https:\/\/ramrolf.eu\/lv\/product\/import-placeholder-for-50716\/"},"modified":"2019-09-04T21:56:56","modified_gmt":"2019-09-04T18:56:56","slug":"lvkartridzs-nv-tn-321t-black-hl-l8250cdn-2500","status":"publish","type":"product","link":"https:\/\/ramrolf.lv\/ru\/product\/lvkartridzs-nv-tn-321t-black-hl-l8250cdn-2500\/","title":{"rendered":"K\u0101rtrid\u017es NV-TN-321T Black   HL-L8250CDN  (2500)"},"content":{"rendered":"<p>K\u0101rtrid\u017es NV-TN-321T Black   HL-L8250CDN  (2500)<\/p>\n","protected":false},"excerpt":{"rendered":"<p>K\u0101rtrid\u017es NV-TN-321T Black HL-L8250CDN (2500)<\/p>\n","protected":false},"featured_media":54454,"template":"","meta":[],"product_cat":[291],"product_tag":[],"_links":{"self":[{"href":"https:\/\/ramrolf.lv\/ru\/wp-json\/wp\/v2\/product\/54426"}],"collection":[{"href":"https:\/\/ramrolf.lv\/ru\/wp-json\/wp\/v2\/product"}],"about":[{"href":"https:\/\/ramrolf.lv\/ru\/wp-json\/wp\/v2\/types\/product"}],"wp:featuredmedia":[{"embeddable":true,"href":"https:\/\/ramrolf.lv\/ru\/wp-json\/wp\/v2\/media\/54454"}],"wp:attachment":[{"href":"https:\/\/ramrolf.lv\/ru\/wp-json\/wp\/v2\/media?parent=54426"}],"wp:term":[{"taxonomy":"product_cat","embeddable":true,"href":"https:\/\/ramrolf.lv\/ru\/wp-json\/wp\/v2\/product_cat?post=54426"},{"taxonomy":"product_tag","embeddable":true,"href":"https:\/\/ramrolf.lv\/ru\/wp-json\/wp\/v2\/product_tag?post=54426"}],"curies":[{"name":"wp","href":"https:\/\/api.w.org\/{rel}","templated":true}]}}