{"id":54433,"date":"2019-09-04T21:28:44","date_gmt":"2019-09-04T18:28:44","guid":{"rendered":"https:\/\/ramrolf.eu\/lv\/product\/import-placeholder-for-50720\/"},"modified":"2019-09-04T21:56:54","modified_gmt":"2019-09-04T18:56:54","slug":"lvkartridzs-nv-tn-325t-black-hl-4150cdn-4000","status":"publish","type":"product","link":"https:\/\/ramrolf.lv\/ru\/product\/lvkartridzs-nv-tn-325t-black-hl-4150cdn-4000\/","title":{"rendered":"K\u0101rtrid\u017es NV-TN-325T Black  HL-4150CDN (4000)"},"content":{"rendered":"<p>K\u0101rtrid\u017es NV-TN-325T Black  HL-4150CDN (4000)<\/p>\n","protected":false},"excerpt":{"rendered":"<p>K\u0101rtrid\u017es NV-TN-325T Black HL-4150CDN (4000)<\/p>\n","protected":false},"featured_media":54464,"template":"","meta":[],"product_cat":[291],"product_tag":[],"_links":{"self":[{"href":"https:\/\/ramrolf.lv\/ru\/wp-json\/wp\/v2\/product\/54433"}],"collection":[{"href":"https:\/\/ramrolf.lv\/ru\/wp-json\/wp\/v2\/product"}],"about":[{"href":"https:\/\/ramrolf.lv\/ru\/wp-json\/wp\/v2\/types\/product"}],"wp:featuredmedia":[{"embeddable":true,"href":"https:\/\/ramrolf.lv\/ru\/wp-json\/wp\/v2\/media\/54464"}],"wp:attachment":[{"href":"https:\/\/ramrolf.lv\/ru\/wp-json\/wp\/v2\/media?parent=54433"}],"wp:term":[{"taxonomy":"product_cat","embeddable":true,"href":"https:\/\/ramrolf.lv\/ru\/wp-json\/wp\/v2\/product_cat?post=54433"},{"taxonomy":"product_tag","embeddable":true,"href":"https:\/\/ramrolf.lv\/ru\/wp-json\/wp\/v2\/product_tag?post=54433"}],"curies":[{"name":"wp","href":"https:\/\/api.w.org\/{rel}","templated":true}]}}