{"id":54467,"date":"2019-09-04T21:31:55","date_gmt":"2019-09-04T18:31:55","guid":{"rendered":"https:\/\/ramrolf.eu\/lv\/product\/import-placeholder-for-50736\/"},"modified":"2019-09-04T21:54:58","modified_gmt":"2019-09-04T18:54:58","slug":"lvkartridzs-nv-tn-5500-hl-7050-hl-7050n-ia%c3%b7aou-12-000-nodaieo-a-niioaaonoaee-n-iso-iec1975212000","status":"publish","type":"product","link":"https:\/\/ramrolf.lv\/ru\/product\/lvkartridzs-nv-tn-5500-hl-7050-hl-7050n-ia%c3%b7aou-12-000-nodaieo-a-niioaaonoaee-n-iso-iec1975212000\/","title":{"rendered":"K\u0101rtrid\u017es NV-TN-5500  HL-7050\/ HL-7050N \u00cf\u00e5\u00f7\u00e0\u00f2\u00fc 12 000 \u00f1\u00f2\u00f0\u00e0\u00ed\u00e8\u00f6  \u00e2 \u00f1\u00ee\u00ee\u00f2\u00e2\u00e5\u00f2\u00f1\u00f2\u00e2\u00e8\u00e8 \u00f1 ISO\/IEC19752(12000)"},"content":{"rendered":"<p>K\u0101rtrid\u017es NV-TN-5500  HL-7050\/ HL-7050N \u00cf\u00e5\u00f7\u00e0\u00f2\u00fc 12 000 \u00f1\u00f2\u00f0\u00e0\u00ed\u00e8\u00f6  \u00e2 \u00f1\u00ee\u00ee\u00f2\u00e2\u00e5\u00f2\u00f1\u00f2\u00e2\u00e8\u00e8 \u00f1 ISO\/IEC19752(12000)<\/p>\n","protected":false},"excerpt":{"rendered":"<p>K\u0101rtrid\u017es NV-TN-5500 HL-7050\/ HL-7050N \u00cf\u00e5\u00f7\u00e0\u00f2\u00fc 12 000 \u00f1\u00f2\u00f0\u00e0\u00ed\u00e8\u00f6 \u00e2 \u00f1\u00ee\u00ee\u00f2\u00e2\u00e5\u00f2\u00f1\u00f2\u00e2\u00e8\u00e8 \u00f1 ISO\/IEC19752(12000)<\/p>\n","protected":false},"featured_media":54494,"template":"","meta":[],"product_cat":[291],"product_tag":[],"_links":{"self":[{"href":"https:\/\/ramrolf.lv\/ru\/wp-json\/wp\/v2\/product\/54467"}],"collection":[{"href":"https:\/\/ramrolf.lv\/ru\/wp-json\/wp\/v2\/product"}],"about":[{"href":"https:\/\/ramrolf.lv\/ru\/wp-json\/wp\/v2\/types\/product"}],"wp:featuredmedia":[{"embeddable":true,"href":"https:\/\/ramrolf.lv\/ru\/wp-json\/wp\/v2\/media\/54494"}],"wp:attachment":[{"href":"https:\/\/ramrolf.lv\/ru\/wp-json\/wp\/v2\/media?parent=54467"}],"wp:term":[{"taxonomy":"product_cat","embeddable":true,"href":"https:\/\/ramrolf.lv\/ru\/wp-json\/wp\/v2\/product_cat?post=54467"},{"taxonomy":"product_tag","embeddable":true,"href":"https:\/\/ramrolf.lv\/ru\/wp-json\/wp\/v2\/product_tag?post=54467"}],"curies":[{"name":"wp","href":"https:\/\/api.w.org\/{rel}","templated":true}]}}