{"id":54468,"date":"2019-09-04T21:31:56","date_gmt":"2019-09-04T18:31:56","guid":{"rendered":"https:\/\/ramrolf.eu\/lv\/product\/import-placeholder-for-50737\/"},"modified":"2019-09-04T21:54:57","modified_gmt":"2019-09-04T18:54:57","slug":"lvkartridzs-nv-tn-6600-hl-1030-hl-1230-hl-1240-hl-1250-hl-1270-hl-1435-hl-1440-hl-1450-hl-1470-intellifax-4100-intellifax-4750-intellifax-5750-mfc-8300-mfc-8500-mfc-8700-mfc-9650-m","status":"publish","type":"product","link":"https:\/\/ramrolf.lv\/ru\/product\/lvkartridzs-nv-tn-6600-hl-1030-hl-1230-hl-1240-hl-1250-hl-1270-hl-1435-hl-1440-hl-1450-hl-1470-intellifax-4100-intellifax-4750-intellifax-5750-mfc-8300-mfc-8500-mfc-8700-mfc-9650-m\/","title":{"rendered":"K\u0101rtrid\u017es NV-TN-6600  HL-1030\/ HL-1230\/ HL-1240\/ HL-1250\/ HL-1270\/ HL-1435\/ HL-1440\/ HL-1450\/ HL-1470\/ IntelliFax-4100\/ IntelliFax-4750\/ IntelliFax-5750\/ MFC-8300\/ MFC-8500\/ MFC-8700\/ MFC-9650\/ MFC-9660\/ MFC-9700\/ MFC-9800 \u00cf\u00e5\u00f7\u00e0\u00f2\u00fc 6 000 \u00f1\u00f2\u00f0\u00e0\u00ed\u00e8\u00f6  \u00e2 \u00f1\u00ee\u00ee\u00f2\u00e2\u00e5\u00f2\u00f1\u00f2\u00e2\u00e8\u00e8 \u00f1 ISO\/IEC19752(6000)"},"content":{"rendered":"<p>K\u0101rtrid\u017es NV-TN-6600  HL-1030\/ HL-1230\/ HL-1240\/ HL-1250\/ HL-1270\/ HL-1435\/ HL-1440\/ HL-1450\/ HL-1470\/ IntelliFax-4100\/ IntelliFax-4750\/ IntelliFax-5750\/ MFC-8300\/ MFC-8500\/ MFC-8700\/ MFC-9650\/ MFC-9660\/ MFC-9700\/ MFC-9800 \u00cf\u00e5\u00f7\u00e0\u00f2\u00fc 6 000 \u00f1\u00f2\u00f0\u00e0\u00ed\u00e8\u00f6  \u00e2 \u00f1\u00ee\u00ee\u00f2\u00e2\u00e5\u00f2\u00f1\u00f2\u00e2\u00e8\u00e8 \u00f1 ISO\/IEC19752(6000)<\/p>\n","protected":false},"excerpt":{"rendered":"<p>K\u0101rtrid\u017es NV-TN-6600 HL-1030\/ HL-1230\/ HL-1240\/ HL-1250\/ HL-1270\/ HL-1435\/ HL-1440\/ HL-1450\/ HL-1470\/ IntelliFax-4100\/ IntelliFax-4750\/ IntelliFax-5750\/ MFC-8300\/ MFC-8500\/ MFC-8700\/ MFC-9650\/ MFC-9660\/ MFC-9700\/ MFC-9800 \u00cf\u00e5\u00f7\u00e0\u00f2\u00fc 6 000 \u00f1\u00f2\u00f0\u00e0\u00ed\u00e8\u00f6 \u00e2 \u00f1\u00ee\u00ee\u00f2\u00e2\u00e5\u00f2\u00f1\u00f2\u00e2\u00e8\u00e8 \u00f1 ISO\/IEC19752(6000)<\/p>\n","protected":false},"featured_media":54498,"template":"","meta":[],"product_cat":[291],"product_tag":[],"_links":{"self":[{"href":"https:\/\/ramrolf.lv\/ru\/wp-json\/wp\/v2\/product\/54468"}],"collection":[{"href":"https:\/\/ramrolf.lv\/ru\/wp-json\/wp\/v2\/product"}],"about":[{"href":"https:\/\/ramrolf.lv\/ru\/wp-json\/wp\/v2\/types\/product"}],"wp:featuredmedia":[{"embeddable":true,"href":"https:\/\/ramrolf.lv\/ru\/wp-json\/wp\/v2\/media\/54498"}],"wp:attachment":[{"href":"https:\/\/ramrolf.lv\/ru\/wp-json\/wp\/v2\/media?parent=54468"}],"wp:term":[{"taxonomy":"product_cat","embeddable":true,"href":"https:\/\/ramrolf.lv\/ru\/wp-json\/wp\/v2\/product_cat?post=54468"},{"taxonomy":"product_tag","embeddable":true,"href":"https:\/\/ramrolf.lv\/ru\/wp-json\/wp\/v2\/product_tag?post=54468"}],"curies":[{"name":"wp","href":"https:\/\/api.w.org\/{rel}","templated":true}]}}