{"id":54469,"date":"2019-09-04T21:31:56","date_gmt":"2019-09-04T18:31:56","guid":{"rendered":"https:\/\/ramrolf.eu\/lv\/product\/import-placeholder-for-50738\/"},"modified":"2019-09-04T21:54:58","modified_gmt":"2019-09-04T18:54:58","slug":"lvkartridzs-nv-tn-8000-fax-2850-fax-8070p-fax-8070-mfc-4800-mfc-9030-mfc-9070-mfc-9160-mfc-9180-ia%c3%b7aou-2200-nodaieo-nodaieo-a-niioaaonoaee-n-iso-iec197522200","status":"publish","type":"product","link":"https:\/\/ramrolf.lv\/ru\/product\/lvkartridzs-nv-tn-8000-fax-2850-fax-8070p-fax-8070-mfc-4800-mfc-9030-mfc-9070-mfc-9160-mfc-9180-ia%c3%b7aou-2200-nodaieo-nodaieo-a-niioaaonoaee-n-iso-iec197522200\/","title":{"rendered":"K\u0101rtrid\u017es NV-TN-8000   FAX-2850\/ FAX-8070P FAX-8070\/ MFC-4800\/ MFC-9030\/ MFC-9070\/ MFC-9160\/ MFC-9180 \u00cf\u00e5\u00f7\u00e0\u00f2\u00fc 2200 \u00f1\u00f2\u00f0\u00e0\u00ed\u00e8\u00f6 \u00f1\u00f2\u00f0\u00e0\u00ed\u00e8\u00f6 \u00e2 \u00f1\u00ee\u00ee\u00f2\u00e2\u00e5\u00f2\u00f1\u00f2\u00e2\u00e8\u00e8 \u00f1 ISO\/IEC19752(2200)"},"content":{"rendered":"<p>K\u0101rtrid\u017es NV-TN-8000   FAX-2850\/ FAX-8070P FAX-8070\/ MFC-4800\/ MFC-9030\/ MFC-9070\/ MFC-9160\/ MFC-9180 \u00cf\u00e5\u00f7\u00e0\u00f2\u00fc 2200 \u00f1\u00f2\u00f0\u00e0\u00ed\u00e8\u00f6 \u00f1\u00f2\u00f0\u00e0\u00ed\u00e8\u00f6 \u00e2 \u00f1\u00ee\u00ee\u00f2\u00e2\u00e5\u00f2\u00f1\u00f2\u00e2\u00e8\u00e8 \u00f1 ISO\/IEC19752(2200)<\/p>\n","protected":false},"excerpt":{"rendered":"<p>K\u0101rtrid\u017es NV-TN-8000 FAX-2850\/ FAX-8070P FAX-8070\/ MFC-4800\/ MFC-9030\/ MFC-9070\/ MFC-9160\/ MFC-9180 \u00cf\u00e5\u00f7\u00e0\u00f2\u00fc 2200 \u00f1\u00f2\u00f0\u00e0\u00ed\u00e8\u00f6 \u00f1\u00f2\u00f0\u00e0\u00ed\u00e8\u00f6 \u00e2 \u00f1\u00ee\u00ee\u00f2\u00e2\u00e5\u00f2\u00f1\u00f2\u00e2\u00e8\u00e8 \u00f1 ISO\/IEC19752(2200)<\/p>\n","protected":false},"featured_media":54499,"template":"","meta":[],"product_cat":[291],"product_tag":[],"_links":{"self":[{"href":"https:\/\/ramrolf.lv\/ru\/wp-json\/wp\/v2\/product\/54469"}],"collection":[{"href":"https:\/\/ramrolf.lv\/ru\/wp-json\/wp\/v2\/product"}],"about":[{"href":"https:\/\/ramrolf.lv\/ru\/wp-json\/wp\/v2\/types\/product"}],"wp:featuredmedia":[{"embeddable":true,"href":"https:\/\/ramrolf.lv\/ru\/wp-json\/wp\/v2\/media\/54499"}],"wp:attachment":[{"href":"https:\/\/ramrolf.lv\/ru\/wp-json\/wp\/v2\/media?parent=54469"}],"wp:term":[{"taxonomy":"product_cat","embeddable":true,"href":"https:\/\/ramrolf.lv\/ru\/wp-json\/wp\/v2\/product_cat?post=54469"},{"taxonomy":"product_tag","embeddable":true,"href":"https:\/\/ramrolf.lv\/ru\/wp-json\/wp\/v2\/product_tag?post=54469"}],"curies":[{"name":"wp","href":"https:\/\/api.w.org\/{rel}","templated":true}]}}