{"id":54548,"date":"2019-09-04T21:38:33","date_gmt":"2019-09-04T18:38:33","guid":{"rendered":"https:\/\/ramrolf.eu\/lv\/product\/import-placeholder-for-50788\/"},"modified":"2019-09-04T21:48:52","modified_gmt":"2019-09-04T18:48:52","slug":"lvtoners-kartridzs-nv-tn-214-black-bizhub-c20024000","status":"publish","type":"product","link":"https:\/\/ramrolf.lv\/ru\/product\/lvtoners-kartridzs-nv-tn-214-black-bizhub-c20024000\/","title":{"rendered":"Toners-K\u0101rtrid\u017es NV-TN-214 Black  bizhub: C200(24000)"},"content":{"rendered":"<p>Toners-K\u0101rtrid\u017es NV-TN-214 Black  bizhub: C200(24000)<\/p>\n","protected":false},"excerpt":{"rendered":"<p>Toners-K\u0101rtrid\u017es NV-TN-214 Black bizhub: C200(24000)<\/p>\n","protected":false},"featured_media":54573,"template":"","meta":[],"product_cat":[291],"product_tag":[],"_links":{"self":[{"href":"https:\/\/ramrolf.lv\/ru\/wp-json\/wp\/v2\/product\/54548"}],"collection":[{"href":"https:\/\/ramrolf.lv\/ru\/wp-json\/wp\/v2\/product"}],"about":[{"href":"https:\/\/ramrolf.lv\/ru\/wp-json\/wp\/v2\/types\/product"}],"wp:featuredmedia":[{"embeddable":true,"href":"https:\/\/ramrolf.lv\/ru\/wp-json\/wp\/v2\/media\/54573"}],"wp:attachment":[{"href":"https:\/\/ramrolf.lv\/ru\/wp-json\/wp\/v2\/media?parent=54548"}],"wp:term":[{"taxonomy":"product_cat","embeddable":true,"href":"https:\/\/ramrolf.lv\/ru\/wp-json\/wp\/v2\/product_cat?post=54548"},{"taxonomy":"product_tag","embeddable":true,"href":"https:\/\/ramrolf.lv\/ru\/wp-json\/wp\/v2\/product_tag?post=54548"}],"curies":[{"name":"wp","href":"https:\/\/api.w.org\/{rel}","templated":true}]}}